{"id":531,"date":"2025-04-10T20:46:28","date_gmt":"2025-04-10T18:46:28","guid":{"rendered":"https:\/\/annesophielepotier.fr\/?page_id=531"},"modified":"2025-04-10T21:18:21","modified_gmt":"2025-04-10T19:18:21","slug":"test-avis-google","status":"publish","type":"page","link":"https:\/\/annesophielepotier.fr\/index.php\/test-avis-google\/","title":{"rendered":"Test avis google"},"content":{"rendered":"        <div class=\"wp-gr wpac\" data-id=\"530\" data-layout=\"slider\" data-exec=\"false\" data-options='{\"text_size\":\"\",\"trans\":{\"read more\":\"plus\"}}'><div class=\"grw-row grw-row-m\" data-options='{\"speed\":3,\"autoplay\":\"1\",\"mousestop\":\"1\",\"breakpoints\":\"1200:2\"}'><div class=\"grw-header\"><div class=\"grw-header-inner\"><div class=\"wp-google-place\"><div class=\"wp-google-right\"><div><span class=\"wp-google-rating\">4.2<\/span><span class=\"wp-google-stars\"><span class=\"wp-stars\"><span class=\"wp-star\"><svg width=\"17\" height=\"17\" viewBox=\"0 0 1792 1792\" role=\"none\"><path d=\"M1728 647q0 22-26 48l-363 354 86 500q1 7 1 20 0 21-10.5 35.5t-30.5 14.5q-19 0-40-12l-449-236-449 236q-22 12-40 12-21 0-31.5-14.5t-10.5-35.5q0-6 2-20l86-500-364-354q-25-27-25-48 0-37 56-46l502-73 225-455q19-41 49-41t49 41l225 455 502 73q56 9 56 46z\" fill=\"#fb8e28\"><\/path><\/svg><\/span><span class=\"wp-star\"><svg width=\"17\" height=\"17\" viewBox=\"0 0 1792 1792\" role=\"none\"><path d=\"M1728 647q0 22-26 48l-363 354 86 500q1 7 1 20 0 21-10.5 35.5t-30.5 14.5q-19 0-40-12l-449-236-449 236q-22 12-40 12-21 0-31.5-14.5t-10.5-35.5q0-6 2-20l86-500-364-354q-25-27-25-48 0-37 56-46l502-73 225-455q19-41 49-41t49 41l225 455 502 73q56 9 56 46z\" fill=\"#fb8e28\"><\/path><\/svg><\/span><span class=\"wp-star\"><svg width=\"17\" height=\"17\" viewBox=\"0 0 1792 1792\" role=\"none\"><path d=\"M1728 647q0 22-26 48l-363 354 86 500q1 7 1 20 0 21-10.5 35.5t-30.5 14.5q-19 0-40-12l-449-236-449 236q-22 12-40 12-21 0-31.5-14.5t-10.5-35.5q0-6 2-20l86-500-364-354q-25-27-25-48 0-37 56-46l502-73 225-455q19-41 49-41t49 41l225 455 502 73q56 9 56 46z\" fill=\"#fb8e28\"><\/path><\/svg><\/span><span class=\"wp-star\"><svg width=\"17\" height=\"17\" viewBox=\"0 0 1792 1792\" role=\"none\"><path d=\"M1728 647q0 22-26 48l-363 354 86 500q1 7 1 20 0 21-10.5 35.5t-30.5 14.5q-19 0-40-12l-449-236-449 236q-22 12-40 12-21 0-31.5-14.5t-10.5-35.5q0-6 2-20l86-500-364-354q-25-27-25-48 0-37 56-46l502-73 225-455q19-41 49-41t49 41l225 455 502 73q56 9 56 46z\" fill=\"#fb8e28\"><\/path><\/svg><\/span><span class=\"wp-star\"><svg width=\"17\" height=\"17\" viewBox=\"0 0 1792 1792\" role=\"none\"><path d=\"M1250 957l257-250-356-52-66-10-30-60-159-322v963l59 31 318 168-60-355-12-66zm452-262l-363 354 86 500q5 33-6 51.5t-34 18.5q-17 0-40-12l-449-236-449 236q-23 12-40 12-23 0-34-18.5t-6-51.5l86-500-364-354q-32-32-23-59.5t54-34.5l502-73 225-455q20-41 49-41 28 0 49 41l225 455 502 73q45 7 54 34.5t-24 59.5z\" fill=\"#fb8e28\"><\/path><\/svg><\/span><\/span><\/span><\/div><div class=\"wp-google-based\">Bas\u00e9 sur 16 avis<\/div><div class=\"wp-google-powered\">powered by <span><span style=\"color:#6186ec!important\">G<\/span><span style=\"color:#cd523f!important\">o<\/span><span style=\"color:#eabe43!important\">o<\/span><span style=\"color:#6186ec!important\">g<\/span><span style=\"color:#63a45d!important\">l<\/span><span style=\"color:#cd523f!important\">e<\/span><\/span><\/div><\/div><\/div><\/div><\/div><div class=\"grw-content\"><div class=\"grw-content-inner\"><div class=\"grw-btns grw-prev\" tabindex=\"0\"><svg viewBox=\"0 0 24 24\" role=\"none\"><path d=\"M14.6,18.4L8.3,12l6.4-6.4l0.7,0.7L9.7,12l5.6,5.6L14.6,18.4z\"><\/path><\/svg><\/div><div class=\"grw-reviews\" data-count=\"5\" data-offset=\"5\"><div class=\"grw-review\"><div class=\"grw-review-inner grw-backgnd grw-shadow\"><div class=\"wp-google-left\"><img loading=\"lazy\" decoding=\"async\" src=\"https:\/\/lh3.googleusercontent.com\/a-\/ALV-UjWzGm-MUzmCf1BDxaxi8ppmWntslW286mgaoak27RS9DFe0xnut4w=s56-c0x00000000-cc-rp-mo-ba3\" loading=\"lazy\" class=\"grw-review-avatar\" alt=\"\" width=\"50\" height=\"50\" onerror=\"if(this.src!='https:\/\/annesophielepotier.fr\/wp-content\/plugins\/widget-google-reviews\/assets\/img\/guest.png')this.src='https:\/\/annesophielepotier.fr\/wp-content\/plugins\/widget-google-reviews\/assets\/img\/guest.png';\" ><a href=\"https:\/\/www.google.com\/maps\/contrib\/114828620925173154772\/reviews\" class=\"wp-google-name\" target=\"_blank\" rel=\"nofollow noopener\" aria-label=\"Google user profile\">Laurent (.<\/a><div class=\"wp-google-time\" data-time=\"1689081471\">13:17 11 Jul 23<\/div><\/div><div class=\"wp-google-stars\"><span class=\"wp-stars\"><span class=\"wp-star\"><svg width=\"17\" height=\"17\" viewBox=\"0 0 1792 1792\" role=\"none\"><path d=\"M1728 647q0 22-26 48l-363 354 86 500q1 7 1 20 0 21-10.5 35.5t-30.5 14.5q-19 0-40-12l-449-236-449 236q-22 12-40 12-21 0-31.5-14.5t-10.5-35.5q0-6 2-20l86-500-364-354q-25-27-25-48 0-37 56-46l502-73 225-455q19-41 49-41t49 41l225 455 502 73q56 9 56 46z\" fill=\"#fb8e28\"><\/path><\/svg><\/span><span class=\"wp-star\"><svg width=\"17\" height=\"17\" viewBox=\"0 0 1792 1792\" role=\"none\"><path d=\"M1728 647q0 22-26 48l-363 354 86 500q1 7 1 20 0 21-10.5 35.5t-30.5 14.5q-19 0-40-12l-449-236-449 236q-22 12-40 12-21 0-31.5-14.5t-10.5-35.5q0-6 2-20l86-500-364-354q-25-27-25-48 0-37 56-46l502-73 225-455q19-41 49-41t49 41l225 455 502 73q56 9 56 46z\" fill=\"#fb8e28\"><\/path><\/svg><\/span><span class=\"wp-star\"><svg width=\"17\" height=\"17\" viewBox=\"0 0 1792 1792\" role=\"none\"><path d=\"M1728 647q0 22-26 48l-363 354 86 500q1 7 1 20 0 21-10.5 35.5t-30.5 14.5q-19 0-40-12l-449-236-449 236q-22 12-40 12-21 0-31.5-14.5t-10.5-35.5q0-6 2-20l86-500-364-354q-25-27-25-48 0-37 56-46l502-73 225-455q19-41 49-41t49 41l225 455 502 73q56 9 56 46z\" fill=\"#fb8e28\"><\/path><\/svg><\/span><span class=\"wp-star\"><svg width=\"17\" height=\"17\" viewBox=\"0 0 1792 1792\" role=\"none\"><path d=\"M1728 647q0 22-26 48l-363 354 86 500q1 7 1 20 0 21-10.5 35.5t-30.5 14.5q-19 0-40-12l-449-236-449 236q-22 12-40 12-21 0-31.5-14.5t-10.5-35.5q0-6 2-20l86-500-364-354q-25-27-25-48 0-37 56-46l502-73 225-455q19-41 49-41t49 41l225 455 502 73q56 9 56 46z\" fill=\"#fb8e28\"><\/path><\/svg><\/span><span class=\"wp-star\"><svg width=\"17\" height=\"17\" viewBox=\"0 0 1792 1792\" role=\"none\"><path d=\"M1728 647q0 22-26 48l-363 354 86 500q1 7 1 20 0 21-10.5 35.5t-30.5 14.5q-19 0-40-12l-449-236-449 236q-22 12-40 12-21 0-31.5-14.5t-10.5-35.5q0-6 2-20l86-500-364-354q-25-27-25-48 0-37 56-46l502-73 225-455q19-41 49-41t49 41l225 455 502 73q56 9 56 46z\" fill=\"#fb8e28\"><\/path><\/svg><\/span><\/span><\/div><div><div class=\"wp-google-feedback\" ><span class=\"wp-google-text\" tabindex=\"0\">(je crois que ce resto est ferm\u00e9 maintenant)5 \u00e9toiles pour la qualit\u00e9 et le go\u00fbt si particulier de la cuisine marocaine. Tout en finesse. Une harissa faite maison particuli\u00e8rement r\u00e9ussie (\u00e0 consommer avec mod\u00e9ration car tr\u00e8s relev\u00e9e mais tr\u00e8s bonne).Des boulettes de viande d\u00e9licieuses dans mon couscous.Petit b\u00e9mol sur le volume un peu trop \u00e9lev\u00e9 de la musique que j'ai baiss\u00e9 discr\u00e8tement pendant que la cuisini\u00e8re \u00e9tait en cuisine (compl\u00e8tement s\u00e9par\u00e9e de la salle du restaurant). Volume qui a \u00e9t\u00e9 remont\u00e9 par elle d\u00e8s son retour en salle. Dommage.Sinon excellente cuisine \u00e0 d\u00e9couvrir sans mod\u00e9ration.<\/span><\/div><\/div><svg viewBox=\"0 0 512 512\" height=\"18\" width=\"18\" role=\"none\"><g fill=\"none\" fill-rule=\"evenodd\"><path d=\"M482.56 261.36c0-16.73-1.5-32.83-4.29-48.27H256v91.29h127.01c-5.47 29.5-22.1 54.49-47.09 71.23v59.21h76.27c44.63-41.09 70.37-101.59 70.37-173.46z\" fill=\"#4285f4\"\/><path d=\"M256 492c63.72 0 117.14-21.13 156.19-57.18l-76.27-59.21c-21.13 14.16-48.17 22.53-79.92 22.53-61.47 0-113.49-41.51-132.05-97.3H45.1v61.15c38.83 77.13 118.64 130.01 210.9 130.01z\" fill=\"#34a853\"\/><path d=\"M123.95 300.84c-4.72-14.16-7.4-29.29-7.4-44.84s2.68-30.68 7.4-44.84V150.01H45.1C29.12 181.87 20 217.92 20 256c0 38.08 9.12 74.13 25.1 105.99l78.85-61.15z\" fill=\"#fbbc05\"\/><path d=\"M256 113.86c34.65 0 65.76 11.91 90.22 35.29l67.69-67.69C373.03 43.39 319.61 20 256 20c-92.25 0-172.07 52.89-210.9 130.01l78.85 61.15c18.56-55.78 70.59-97.3 132.05-97.3z\" fill=\"#ea4335\"\/><path d=\"M20 20h472v472H20V20z\"\/><\/g><\/svg><\/div><\/div><div class=\"grw-review\"><div class=\"grw-review-inner grw-backgnd grw-shadow\"><div class=\"wp-google-left\"><img loading=\"lazy\" decoding=\"async\" src=\"https:\/\/lh3.googleusercontent.com\/a\/ACg8ocKQ9oZTuKWXcvEJASnSShGanjU6O5gGXjzl0-JaPxlMzHR_Mg=s56-c0x00000000-cc-rp-mo-ba2\" loading=\"lazy\" class=\"grw-review-avatar\" alt=\"\" width=\"50\" height=\"50\" onerror=\"if(this.src!='https:\/\/annesophielepotier.fr\/wp-content\/plugins\/widget-google-reviews\/assets\/img\/guest.png')this.src='https:\/\/annesophielepotier.fr\/wp-content\/plugins\/widget-google-reviews\/assets\/img\/guest.png';\" ><a href=\"https:\/\/www.google.com\/maps\/contrib\/101539880365774489864\/reviews\" class=\"wp-google-name\" target=\"_blank\" rel=\"nofollow noopener\" aria-label=\"Google user profile\">Amira A.<\/a><div class=\"wp-google-time\" data-time=\"1680273787\">14:43 31 Mar 23<\/div><\/div><div class=\"wp-google-stars\"><span class=\"wp-stars\"><span class=\"wp-star\"><svg width=\"17\" height=\"17\" viewBox=\"0 0 1792 1792\" role=\"none\"><path d=\"M1728 647q0 22-26 48l-363 354 86 500q1 7 1 20 0 21-10.5 35.5t-30.5 14.5q-19 0-40-12l-449-236-449 236q-22 12-40 12-21 0-31.5-14.5t-10.5-35.5q0-6 2-20l86-500-364-354q-25-27-25-48 0-37 56-46l502-73 225-455q19-41 49-41t49 41l225 455 502 73q56 9 56 46z\" fill=\"#fb8e28\"><\/path><\/svg><\/span><span class=\"wp-star\"><svg width=\"17\" height=\"17\" viewBox=\"0 0 1792 1792\" role=\"none\"><path d=\"M1201 1004l306-297-422-62-189-382-189 382-422 62 306 297-73 421 378-199 377 199zm527-357q0 22-26 48l-363 354 86 500q1 7 1 20 0 50-41 50-19 0-40-12l-449-236-449 236q-22 12-40 12-21 0-31.5-14.5t-10.5-35.5q0-6 2-20l86-500-364-354q-25-27-25-48 0-37 56-46l502-73 225-455q19-41 49-41t49 41l225 455 502 73q56 9 56 46z\" fill=\"#ccc\"><\/path><\/svg><\/span><span class=\"wp-star\"><svg width=\"17\" height=\"17\" viewBox=\"0 0 1792 1792\" role=\"none\"><path d=\"M1201 1004l306-297-422-62-189-382-189 382-422 62 306 297-73 421 378-199 377 199zm527-357q0 22-26 48l-363 354 86 500q1 7 1 20 0 50-41 50-19 0-40-12l-449-236-449 236q-22 12-40 12-21 0-31.5-14.5t-10.5-35.5q0-6 2-20l86-500-364-354q-25-27-25-48 0-37 56-46l502-73 225-455q19-41 49-41t49 41l225 455 502 73q56 9 56 46z\" fill=\"#ccc\"><\/path><\/svg><\/span><span class=\"wp-star\"><svg width=\"17\" height=\"17\" viewBox=\"0 0 1792 1792\" role=\"none\"><path d=\"M1201 1004l306-297-422-62-189-382-189 382-422 62 306 297-73 421 378-199 377 199zm527-357q0 22-26 48l-363 354 86 500q1 7 1 20 0 50-41 50-19 0-40-12l-449-236-449 236q-22 12-40 12-21 0-31.5-14.5t-10.5-35.5q0-6 2-20l86-500-364-354q-25-27-25-48 0-37 56-46l502-73 225-455q19-41 49-41t49 41l225 455 502 73q56 9 56 46z\" fill=\"#ccc\"><\/path><\/svg><\/span><span class=\"wp-star\"><svg width=\"17\" height=\"17\" viewBox=\"0 0 1792 1792\" role=\"none\"><path d=\"M1201 1004l306-297-422-62-189-382-189 382-422 62 306 297-73 421 378-199 377 199zm527-357q0 22-26 48l-363 354 86 500q1 7 1 20 0 50-41 50-19 0-40-12l-449-236-449 236q-22 12-40 12-21 0-31.5-14.5t-10.5-35.5q0-6 2-20l86-500-364-354q-25-27-25-48 0-37 56-46l502-73 225-455q19-41 49-41t49 41l225 455 502 73q56 9 56 46z\" fill=\"#ccc\"><\/path><\/svg><\/span><\/span><\/div><div><div class=\"wp-google-feedback\" ><span class=\"wp-google-text\" tabindex=\"0\">Pas tr\u00e8s bon le tagine au poulet est presque vide y\u2019a que du poulet dedans pas de sauce \u2026. Le bol de soupe harira est minuscules et pas top \u00e0 revoir votre menu si non la patronne est tr\u00e8s gentille<\/span><\/div><\/div><svg viewBox=\"0 0 512 512\" height=\"18\" width=\"18\" role=\"none\"><g fill=\"none\" fill-rule=\"evenodd\"><path d=\"M482.56 261.36c0-16.73-1.5-32.83-4.29-48.27H256v91.29h127.01c-5.47 29.5-22.1 54.49-47.09 71.23v59.21h76.27c44.63-41.09 70.37-101.59 70.37-173.46z\" fill=\"#4285f4\"\/><path d=\"M256 492c63.72 0 117.14-21.13 156.19-57.18l-76.27-59.21c-21.13 14.16-48.17 22.53-79.92 22.53-61.47 0-113.49-41.51-132.05-97.3H45.1v61.15c38.83 77.13 118.64 130.01 210.9 130.01z\" fill=\"#34a853\"\/><path d=\"M123.95 300.84c-4.72-14.16-7.4-29.29-7.4-44.84s2.68-30.68 7.4-44.84V150.01H45.1C29.12 181.87 20 217.92 20 256c0 38.08 9.12 74.13 25.1 105.99l78.85-61.15z\" fill=\"#fbbc05\"\/><path d=\"M256 113.86c34.65 0 65.76 11.91 90.22 35.29l67.69-67.69C373.03 43.39 319.61 20 256 20c-92.25 0-172.07 52.89-210.9 130.01l78.85 61.15c18.56-55.78 70.59-97.3 132.05-97.3z\" fill=\"#ea4335\"\/><path d=\"M20 20h472v472H20V20z\"\/><\/g><\/svg><\/div><\/div><div class=\"grw-review\"><div class=\"grw-review-inner grw-backgnd grw-shadow\"><div class=\"wp-google-left\"><img loading=\"lazy\" decoding=\"async\" src=\"https:\/\/lh3.googleusercontent.com\/a\/ACg8ocKtwUN_R5xCxeJsHvQgZlaqCKrKhXuooT1896nQLqSEuLgivw=s56-c0x00000000-cc-rp-mo-ba3\" loading=\"lazy\" class=\"grw-review-avatar\" alt=\"\" width=\"50\" height=\"50\" onerror=\"if(this.src!='https:\/\/annesophielepotier.fr\/wp-content\/plugins\/widget-google-reviews\/assets\/img\/guest.png')this.src='https:\/\/annesophielepotier.fr\/wp-content\/plugins\/widget-google-reviews\/assets\/img\/guest.png';\" ><a href=\"https:\/\/www.google.com\/maps\/contrib\/104138997610328573090\/reviews\" class=\"wp-google-name\" target=\"_blank\" rel=\"nofollow noopener\" aria-label=\"Google user profile\">Tifanny H.<\/a><div class=\"wp-google-time\" data-time=\"1669729946\">13:52 29 Nov 22<\/div><\/div><div class=\"wp-google-stars\"><span class=\"wp-stars\"><span class=\"wp-star\"><svg width=\"17\" height=\"17\" viewBox=\"0 0 1792 1792\" role=\"none\"><path d=\"M1728 647q0 22-26 48l-363 354 86 500q1 7 1 20 0 21-10.5 35.5t-30.5 14.5q-19 0-40-12l-449-236-449 236q-22 12-40 12-21 0-31.5-14.5t-10.5-35.5q0-6 2-20l86-500-364-354q-25-27-25-48 0-37 56-46l502-73 225-455q19-41 49-41t49 41l225 455 502 73q56 9 56 46z\" fill=\"#fb8e28\"><\/path><\/svg><\/span><span class=\"wp-star\"><svg width=\"17\" height=\"17\" viewBox=\"0 0 1792 1792\" role=\"none\"><path d=\"M1728 647q0 22-26 48l-363 354 86 500q1 7 1 20 0 21-10.5 35.5t-30.5 14.5q-19 0-40-12l-449-236-449 236q-22 12-40 12-21 0-31.5-14.5t-10.5-35.5q0-6 2-20l86-500-364-354q-25-27-25-48 0-37 56-46l502-73 225-455q19-41 49-41t49 41l225 455 502 73q56 9 56 46z\" fill=\"#fb8e28\"><\/path><\/svg><\/span><span class=\"wp-star\"><svg width=\"17\" height=\"17\" viewBox=\"0 0 1792 1792\" role=\"none\"><path d=\"M1728 647q0 22-26 48l-363 354 86 500q1 7 1 20 0 21-10.5 35.5t-30.5 14.5q-19 0-40-12l-449-236-449 236q-22 12-40 12-21 0-31.5-14.5t-10.5-35.5q0-6 2-20l86-500-364-354q-25-27-25-48 0-37 56-46l502-73 225-455q19-41 49-41t49 41l225 455 502 73q56 9 56 46z\" fill=\"#fb8e28\"><\/path><\/svg><\/span><span class=\"wp-star\"><svg width=\"17\" height=\"17\" viewBox=\"0 0 1792 1792\" role=\"none\"><path d=\"M1728 647q0 22-26 48l-363 354 86 500q1 7 1 20 0 21-10.5 35.5t-30.5 14.5q-19 0-40-12l-449-236-449 236q-22 12-40 12-21 0-31.5-14.5t-10.5-35.5q0-6 2-20l86-500-364-354q-25-27-25-48 0-37 56-46l502-73 225-455q19-41 49-41t49 41l225 455 502 73q56 9 56 46z\" fill=\"#fb8e28\"><\/path><\/svg><\/span><span class=\"wp-star\"><svg width=\"17\" height=\"17\" viewBox=\"0 0 1792 1792\" role=\"none\"><path d=\"M1728 647q0 22-26 48l-363 354 86 500q1 7 1 20 0 21-10.5 35.5t-30.5 14.5q-19 0-40-12l-449-236-449 236q-22 12-40 12-21 0-31.5-14.5t-10.5-35.5q0-6 2-20l86-500-364-354q-25-27-25-48 0-37 56-46l502-73 225-455q19-41 49-41t49 41l225 455 502 73q56 9 56 46z\" fill=\"#fb8e28\"><\/path><\/svg><\/span><\/span><\/div><div><div class=\"wp-google-feedback\" ><span class=\"wp-google-text\" tabindex=\"0\">Restaurant petit et familial.Personne tr\u00e8s accueillante.Les plats propos\u00e9s sont excellents.Tr\u00e8s bon rapport qualit\u00e9 prix<\/span><\/div><\/div><svg viewBox=\"0 0 512 512\" height=\"18\" width=\"18\" role=\"none\"><g fill=\"none\" fill-rule=\"evenodd\"><path d=\"M482.56 261.36c0-16.73-1.5-32.83-4.29-48.27H256v91.29h127.01c-5.47 29.5-22.1 54.49-47.09 71.23v59.21h76.27c44.63-41.09 70.37-101.59 70.37-173.46z\" fill=\"#4285f4\"\/><path d=\"M256 492c63.72 0 117.14-21.13 156.19-57.18l-76.27-59.21c-21.13 14.16-48.17 22.53-79.92 22.53-61.47 0-113.49-41.51-132.05-97.3H45.1v61.15c38.83 77.13 118.64 130.01 210.9 130.01z\" fill=\"#34a853\"\/><path d=\"M123.95 300.84c-4.72-14.16-7.4-29.29-7.4-44.84s2.68-30.68 7.4-44.84V150.01H45.1C29.12 181.87 20 217.92 20 256c0 38.08 9.12 74.13 25.1 105.99l78.85-61.15z\" fill=\"#fbbc05\"\/><path d=\"M256 113.86c34.65 0 65.76 11.91 90.22 35.29l67.69-67.69C373.03 43.39 319.61 20 256 20c-92.25 0-172.07 52.89-210.9 130.01l78.85 61.15c18.56-55.78 70.59-97.3 132.05-97.3z\" fill=\"#ea4335\"\/><path d=\"M20 20h472v472H20V20z\"\/><\/g><\/svg><\/div><\/div><div class=\"grw-review\"><div class=\"grw-review-inner grw-backgnd grw-shadow\"><div class=\"wp-google-left\"><img loading=\"lazy\" decoding=\"async\" src=\"https:\/\/lh3.googleusercontent.com\/a\/ACg8ocK3tjfT5UYgh7JcJcBPKIzOEjM9p3w5wyKEzDPqP0ehbmTlJw=s56-c0x00000000-cc-rp-mo-ba3\" loading=\"lazy\" class=\"grw-review-avatar\" alt=\"\" width=\"50\" height=\"50\" onerror=\"if(this.src!='https:\/\/annesophielepotier.fr\/wp-content\/plugins\/widget-google-reviews\/assets\/img\/guest.png')this.src='https:\/\/annesophielepotier.fr\/wp-content\/plugins\/widget-google-reviews\/assets\/img\/guest.png';\" ><a href=\"https:\/\/www.google.com\/maps\/contrib\/107087532018570482788\/reviews\" class=\"wp-google-name\" target=\"_blank\" rel=\"nofollow noopener\" aria-label=\"Google user profile\">Corinne E.<\/a><div class=\"wp-google-time\" data-time=\"1668290016\">21:53 12 Nov 22<\/div><\/div><div class=\"wp-google-stars\"><span class=\"wp-stars\"><span class=\"wp-star\"><svg width=\"17\" height=\"17\" viewBox=\"0 0 1792 1792\" role=\"none\"><path d=\"M1728 647q0 22-26 48l-363 354 86 500q1 7 1 20 0 21-10.5 35.5t-30.5 14.5q-19 0-40-12l-449-236-449 236q-22 12-40 12-21 0-31.5-14.5t-10.5-35.5q0-6 2-20l86-500-364-354q-25-27-25-48 0-37 56-46l502-73 225-455q19-41 49-41t49 41l225 455 502 73q56 9 56 46z\" fill=\"#fb8e28\"><\/path><\/svg><\/span><span class=\"wp-star\"><svg width=\"17\" height=\"17\" viewBox=\"0 0 1792 1792\" role=\"none\"><path d=\"M1201 1004l306-297-422-62-189-382-189 382-422 62 306 297-73 421 378-199 377 199zm527-357q0 22-26 48l-363 354 86 500q1 7 1 20 0 50-41 50-19 0-40-12l-449-236-449 236q-22 12-40 12-21 0-31.5-14.5t-10.5-35.5q0-6 2-20l86-500-364-354q-25-27-25-48 0-37 56-46l502-73 225-455q19-41 49-41t49 41l225 455 502 73q56 9 56 46z\" fill=\"#ccc\"><\/path><\/svg><\/span><span class=\"wp-star\"><svg width=\"17\" height=\"17\" viewBox=\"0 0 1792 1792\" role=\"none\"><path d=\"M1201 1004l306-297-422-62-189-382-189 382-422 62 306 297-73 421 378-199 377 199zm527-357q0 22-26 48l-363 354 86 500q1 7 1 20 0 50-41 50-19 0-40-12l-449-236-449 236q-22 12-40 12-21 0-31.5-14.5t-10.5-35.5q0-6 2-20l86-500-364-354q-25-27-25-48 0-37 56-46l502-73 225-455q19-41 49-41t49 41l225 455 502 73q56 9 56 46z\" fill=\"#ccc\"><\/path><\/svg><\/span><span class=\"wp-star\"><svg width=\"17\" height=\"17\" viewBox=\"0 0 1792 1792\" role=\"none\"><path d=\"M1201 1004l306-297-422-62-189-382-189 382-422 62 306 297-73 421 378-199 377 199zm527-357q0 22-26 48l-363 354 86 500q1 7 1 20 0 50-41 50-19 0-40-12l-449-236-449 236q-22 12-40 12-21 0-31.5-14.5t-10.5-35.5q0-6 2-20l86-500-364-354q-25-27-25-48 0-37 56-46l502-73 225-455q19-41 49-41t49 41l225 455 502 73q56 9 56 46z\" fill=\"#ccc\"><\/path><\/svg><\/span><span class=\"wp-star\"><svg width=\"17\" height=\"17\" viewBox=\"0 0 1792 1792\" role=\"none\"><path d=\"M1201 1004l306-297-422-62-189-382-189 382-422 62 306 297-73 421 378-199 377 199zm527-357q0 22-26 48l-363 354 86 500q1 7 1 20 0 50-41 50-19 0-40-12l-449-236-449 236q-22 12-40 12-21 0-31.5-14.5t-10.5-35.5q0-6 2-20l86-500-364-354q-25-27-25-48 0-37 56-46l502-73 225-455q19-41 49-41t49 41l225 455 502 73q56 9 56 46z\" fill=\"#ccc\"><\/path><\/svg><\/span><\/span><\/div><div><div class=\"wp-google-feedback\" ><span class=\"wp-google-text\" tabindex=\"0\">Hyper d\u00e9\u00e7us... couscous froid et sans go\u00fbt, viande quasi inexistante, bouteille de vin pos\u00e9e sur table o\u00f9 on nous demande de la d\u00e9boucher, les couverts en tas o\u00f9 on comprend qu'il faut les installer... bref la direction nous dit que ce n'est pas ainsi d'habitude mais je n'y retournerai pas pour v\u00e9rifier.<\/span><\/div><\/div><svg viewBox=\"0 0 512 512\" height=\"18\" width=\"18\" role=\"none\"><g fill=\"none\" fill-rule=\"evenodd\"><path d=\"M482.56 261.36c0-16.73-1.5-32.83-4.29-48.27H256v91.29h127.01c-5.47 29.5-22.1 54.49-47.09 71.23v59.21h76.27c44.63-41.09 70.37-101.59 70.37-173.46z\" fill=\"#4285f4\"\/><path d=\"M256 492c63.72 0 117.14-21.13 156.19-57.18l-76.27-59.21c-21.13 14.16-48.17 22.53-79.92 22.53-61.47 0-113.49-41.51-132.05-97.3H45.1v61.15c38.83 77.13 118.64 130.01 210.9 130.01z\" fill=\"#34a853\"\/><path d=\"M123.95 300.84c-4.72-14.16-7.4-29.29-7.4-44.84s2.68-30.68 7.4-44.84V150.01H45.1C29.12 181.87 20 217.92 20 256c0 38.08 9.12 74.13 25.1 105.99l78.85-61.15z\" fill=\"#fbbc05\"\/><path d=\"M256 113.86c34.65 0 65.76 11.91 90.22 35.29l67.69-67.69C373.03 43.39 319.61 20 256 20c-92.25 0-172.07 52.89-210.9 130.01l78.85 61.15c18.56-55.78 70.59-97.3 132.05-97.3z\" fill=\"#ea4335\"\/><path d=\"M20 20h472v472H20V20z\"\/><\/g><\/svg><\/div><\/div><div class=\"grw-review\"><div class=\"grw-review-inner grw-backgnd grw-shadow\"><div class=\"wp-google-left\"><img loading=\"lazy\" decoding=\"async\" src=\"https:\/\/lh3.googleusercontent.com\/a\/ACg8ocLS-Vfvs7bP_INzprCpaFYk8SGczvtzwYDR7vuYlQyeEdYXRA=s56-c0x00000000-cc-rp-mo\" loading=\"lazy\" class=\"grw-review-avatar\" alt=\"\" width=\"50\" height=\"50\" onerror=\"if(this.src!='https:\/\/annesophielepotier.fr\/wp-content\/plugins\/widget-google-reviews\/assets\/img\/guest.png')this.src='https:\/\/annesophielepotier.fr\/wp-content\/plugins\/widget-google-reviews\/assets\/img\/guest.png';\" ><a href=\"https:\/\/www.google.com\/maps\/contrib\/112463325191789572869\/reviews\" class=\"wp-google-name\" target=\"_blank\" rel=\"nofollow noopener\" aria-label=\"Google user profile\">sabine P.<\/a><div class=\"wp-google-time\" data-time=\"1666959398\">12:16 28 Oct 22<\/div><\/div><div class=\"wp-google-stars\"><span class=\"wp-stars\"><span class=\"wp-star\"><svg width=\"17\" height=\"17\" viewBox=\"0 0 1792 1792\" role=\"none\"><path d=\"M1728 647q0 22-26 48l-363 354 86 500q1 7 1 20 0 21-10.5 35.5t-30.5 14.5q-19 0-40-12l-449-236-449 236q-22 12-40 12-21 0-31.5-14.5t-10.5-35.5q0-6 2-20l86-500-364-354q-25-27-25-48 0-37 56-46l502-73 225-455q19-41 49-41t49 41l225 455 502 73q56 9 56 46z\" fill=\"#fb8e28\"><\/path><\/svg><\/span><span class=\"wp-star\"><svg width=\"17\" height=\"17\" viewBox=\"0 0 1792 1792\" role=\"none\"><path d=\"M1728 647q0 22-26 48l-363 354 86 500q1 7 1 20 0 21-10.5 35.5t-30.5 14.5q-19 0-40-12l-449-236-449 236q-22 12-40 12-21 0-31.5-14.5t-10.5-35.5q0-6 2-20l86-500-364-354q-25-27-25-48 0-37 56-46l502-73 225-455q19-41 49-41t49 41l225 455 502 73q56 9 56 46z\" fill=\"#fb8e28\"><\/path><\/svg><\/span><span class=\"wp-star\"><svg width=\"17\" height=\"17\" viewBox=\"0 0 1792 1792\" role=\"none\"><path d=\"M1728 647q0 22-26 48l-363 354 86 500q1 7 1 20 0 21-10.5 35.5t-30.5 14.5q-19 0-40-12l-449-236-449 236q-22 12-40 12-21 0-31.5-14.5t-10.5-35.5q0-6 2-20l86-500-364-354q-25-27-25-48 0-37 56-46l502-73 225-455q19-41 49-41t49 41l225 455 502 73q56 9 56 46z\" fill=\"#fb8e28\"><\/path><\/svg><\/span><span class=\"wp-star\"><svg width=\"17\" height=\"17\" viewBox=\"0 0 1792 1792\" role=\"none\"><path d=\"M1728 647q0 22-26 48l-363 354 86 500q1 7 1 20 0 21-10.5 35.5t-30.5 14.5q-19 0-40-12l-449-236-449 236q-22 12-40 12-21 0-31.5-14.5t-10.5-35.5q0-6 2-20l86-500-364-354q-25-27-25-48 0-37 56-46l502-73 225-455q19-41 49-41t49 41l225 455 502 73q56 9 56 46z\" fill=\"#fb8e28\"><\/path><\/svg><\/span><span class=\"wp-star\"><svg width=\"17\" height=\"17\" viewBox=\"0 0 1792 1792\" role=\"none\"><path d=\"M1728 647q0 22-26 48l-363 354 86 500q1 7 1 20 0 21-10.5 35.5t-30.5 14.5q-19 0-40-12l-449-236-449 236q-22 12-40 12-21 0-31.5-14.5t-10.5-35.5q0-6 2-20l86-500-364-354q-25-27-25-48 0-37 56-46l502-73 225-455q19-41 49-41t49 41l225 455 502 73q56 9 56 46z\" fill=\"#fb8e28\"><\/path><\/svg><\/span><\/span><\/div><div><div class=\"wp-google-feedback\" ><span class=\"wp-google-text\" tabindex=\"0\">Cuisine vraiment d\u00e9licieuse, un accueil tr\u00e8s chaleureux et une ambiance familiale. Je recommande<\/span><\/div><\/div><svg viewBox=\"0 0 512 512\" height=\"18\" width=\"18\" role=\"none\"><g fill=\"none\" fill-rule=\"evenodd\"><path d=\"M482.56 261.36c0-16.73-1.5-32.83-4.29-48.27H256v91.29h127.01c-5.47 29.5-22.1 54.49-47.09 71.23v59.21h76.27c44.63-41.09 70.37-101.59 70.37-173.46z\" fill=\"#4285f4\"\/><path d=\"M256 492c63.72 0 117.14-21.13 156.19-57.18l-76.27-59.21c-21.13 14.16-48.17 22.53-79.92 22.53-61.47 0-113.49-41.51-132.05-97.3H45.1v61.15c38.83 77.13 118.64 130.01 210.9 130.01z\" fill=\"#34a853\"\/><path d=\"M123.95 300.84c-4.72-14.16-7.4-29.29-7.4-44.84s2.68-30.68 7.4-44.84V150.01H45.1C29.12 181.87 20 217.92 20 256c0 38.08 9.12 74.13 25.1 105.99l78.85-61.15z\" fill=\"#fbbc05\"\/><path d=\"M256 113.86c34.65 0 65.76 11.91 90.22 35.29l67.69-67.69C373.03 43.39 319.61 20 256 20c-92.25 0-172.07 52.89-210.9 130.01l78.85 61.15c18.56-55.78 70.59-97.3 132.05-97.3z\" fill=\"#ea4335\"\/><path d=\"M20 20h472v472H20V20z\"\/><\/g><\/svg><\/div><\/div><\/div><div class=\"grw-btns grw-next\" tabindex=\"0\"><svg viewBox=\"0 0 24 24\" role=\"none\"><path d=\"M9.4,18.4l-0.7-0.7l5.6-5.6L8.6,6.4l0.7-0.7l6.4,6.4L9.4,18.4z\"><\/path><\/svg><\/div><div class=\"rpi-dots-wrap\"><div class=\"rpi-dots\"><\/div><\/div><\/div><\/div><\/div><img decoding=\"async\" src=\"data:image\/gif;base64,R0lGODlhAQABAIAAAAAAAP\/\/\/yH5BAEAAAAALAAAAAABAAEAAAIBRAA7\" alt=\"\" onload=\"(function(el, data) {var f = function() { window.grw_init ? grw_init(el, data) : setTimeout(f, 400) }; f() })(this, 'slider');\" width=\"1\" height=\"1\" style=\"display:none\"><\/div>        \n\n\n\n<p><\/p>\n","protected":false},"excerpt":{"rendered":"","protected":false},"author":1,"featured_media":0,"parent":0,"menu_order":0,"comment_status":"closed","ping_status":"closed","template":"","meta":{"footnotes":""},"class_list":["post-531","page","type-page","status-publish","hentry"],"_links":{"self":[{"href":"https:\/\/annesophielepotier.fr\/index.php\/wp-json\/wp\/v2\/pages\/531","targetHints":{"allow":["GET"]}}],"collection":[{"href":"https:\/\/annesophielepotier.fr\/index.php\/wp-json\/wp\/v2\/pages"}],"about":[{"href":"https:\/\/annesophielepotier.fr\/index.php\/wp-json\/wp\/v2\/types\/page"}],"author":[{"embeddable":true,"href":"https:\/\/annesophielepotier.fr\/index.php\/wp-json\/wp\/v2\/users\/1"}],"replies":[{"embeddable":true,"href":"https:\/\/annesophielepotier.fr\/index.php\/wp-json\/wp\/v2\/comments?post=531"}],"version-history":[{"count":1,"href":"https:\/\/annesophielepotier.fr\/index.php\/wp-json\/wp\/v2\/pages\/531\/revisions"}],"predecessor-version":[{"id":534,"href":"https:\/\/annesophielepotier.fr\/index.php\/wp-json\/wp\/v2\/pages\/531\/revisions\/534"}],"wp:attachment":[{"href":"https:\/\/annesophielepotier.fr\/index.php\/wp-json\/wp\/v2\/media?parent=531"}],"curies":[{"name":"wp","href":"https:\/\/api.w.org\/{rel}","templated":true}]}}